{"id":3390,"date":"2023-02-09T13:46:54","date_gmt":"2023-02-09T13:46:54","guid":{"rendered":"https:\/\/designingmedia.com\/blazin\/?page_id=3390"},"modified":"2024-03-26T16:01:35","modified_gmt":"2024-03-26T13:01:35","slug":"farkimiz","status":"publish","type":"page","link":"https:\/\/bzcallcenter.com\/index.php\/farkimiz\/","title":{"rendered":"Fark\u0131m\u0131z"},"content":{"rendered":"\t\t<div data-elementor-type=\"wp-page\" data-elementor-id=\"3390\" class=\"elementor elementor-3390\">\n\t\t\t\t\t\t<section class=\"elementor-section elementor-top-section elementor-element elementor-element-d4bce0c elementor-section-boxed elementor-section-height-default elementor-section-height-default\" data-id=\"d4bce0c\" data-element_type=\"section\" data-settings=\"{&quot;navigation&quot;:&quot;both&quot;}\">\n\t\t\t\t\t\t<div class=\"elementor-container elementor-column-gap-no\">\n\t\t\t\t\t<div class=\"elementor-column elementor-col-100 elementor-top-column elementor-element elementor-element-cffb414\" data-id=\"cffb414\" data-element_type=\"column\" data-settings=\"{&quot;navigation&quot;:&quot;both&quot;}\">\n\t\t\t<div class=\"elementor-widget-wrap elementor-element-populated\">\n\t\t\t\t\t\t<div class=\"elementor-element elementor-element-7892cff elementor-widget elementor-widget-heading\" data-id=\"7892cff\" data-element_type=\"widget\" data-settings=\"{&quot;navigation&quot;:&quot;both&quot;}\" data-widget_type=\"heading.default\">\n\t\t\t\t<div class=\"elementor-widget-container\">\n\t\t\t<style>\/*! elementor - v3.20.0 - 13-03-2024 *\/\n.elementor-heading-title{padding:0;margin:0;line-height:1}.elementor-widget-heading .elementor-heading-title[class*=elementor-size-]>a{color:inherit;font-size:inherit;line-height:inherit}.elementor-widget-heading .elementor-heading-title.elementor-size-small{font-size:15px}.elementor-widget-heading .elementor-heading-title.elementor-size-medium{font-size:19px}.elementor-widget-heading .elementor-heading-title.elementor-size-large{font-size:29px}.elementor-widget-heading .elementor-heading-title.elementor-size-xl{font-size:39px}.elementor-widget-heading .elementor-heading-title.elementor-size-xxl{font-size:59px}<\/style><h2 class=\"elementor-heading-title elementor-size-default\">B&Z Call Center<\/h2>\t\t<\/div>\n\t\t\t\t<\/div>\n\t\t\t\t<div class=\"elementor-element elementor-element-2874427 elementor-widget__width-auto elementor-absolute elementor-hidden-mobile elementor-hidden-laptop elementor-hidden-tablet elementor-invisible elementor-widget elementor-widget-image\" data-id=\"2874427\" data-element_type=\"widget\" data-settings=\"{&quot;_position&quot;:&quot;absolute&quot;,&quot;_animation&quot;:&quot;rotateIn&quot;,&quot;navigation&quot;:&quot;both&quot;}\" data-widget_type=\"image.default\">\n\t\t\t\t<div class=\"elementor-widget-container\">\n\t\t\t<style>\/*! elementor - v3.20.0 - 13-03-2024 *\/\n.elementor-widget-image{text-align:center}.elementor-widget-image a{display:inline-block}.elementor-widget-image a img[src$=\".svg\"]{width:48px}.elementor-widget-image img{vertical-align:middle;display:inline-block}<\/style>\t\t\t\t\t\t\t\t\t\t<img decoding=\"async\" width=\"98\" height=\"53\" src=\"https:\/\/bzcallcenter.com\/wp-content\/uploads\/2023\/02\/Design-element-our-portfolo.png\" class=\"attachment-full size-full wp-image-3483\" alt=\"\" \/>\t\t\t\t\t\t\t\t\t\t\t\t\t<\/div>\n\t\t\t\t<\/div>\n\t\t\t\t<div class=\"elementor-element elementor-element-cd5082c elementor-widget elementor-widget-heading\" data-id=\"cd5082c\" data-element_type=\"widget\" data-settings=\"{&quot;navigation&quot;:&quot;both&quot;}\" data-widget_type=\"heading.default\">\n\t\t\t\t<div class=\"elementor-widget-container\">\n\t\t\t<h2 class=\"elementor-heading-title elementor-size-default\">Fark\u0131m\u0131z\u0131 Size G\u00f6stermek \u0130stedik ! <\/h2>\t\t<\/div>\n\t\t\t\t<\/div>\n\t\t\t\t<div class=\"elementor-element elementor-element-8dadfe5 elementor-widget-divider--view-line elementor-widget elementor-widget-divider\" data-id=\"8dadfe5\" data-element_type=\"widget\" data-settings=\"{&quot;navigation&quot;:&quot;both&quot;}\" data-widget_type=\"divider.default\">\n\t\t\t\t<div class=\"elementor-widget-container\">\n\t\t\t<style>\/*! elementor - v3.20.0 - 13-03-2024 *\/\n.elementor-widget-divider{--divider-border-style:none;--divider-border-width:1px;--divider-color:#0c0d0e;--divider-icon-size:20px;--divider-element-spacing:10px;--divider-pattern-height:24px;--divider-pattern-size:20px;--divider-pattern-url:none;--divider-pattern-repeat:repeat-x}.elementor-widget-divider .elementor-divider{display:flex}.elementor-widget-divider .elementor-divider__text{font-size:15px;line-height:1;max-width:95%}.elementor-widget-divider .elementor-divider__element{margin:0 var(--divider-element-spacing);flex-shrink:0}.elementor-widget-divider .elementor-icon{font-size:var(--divider-icon-size)}.elementor-widget-divider .elementor-divider-separator{display:flex;margin:0;direction:ltr}.elementor-widget-divider--view-line_icon .elementor-divider-separator,.elementor-widget-divider--view-line_text .elementor-divider-separator{align-items:center}.elementor-widget-divider--view-line_icon .elementor-divider-separator:after,.elementor-widget-divider--view-line_icon .elementor-divider-separator:before,.elementor-widget-divider--view-line_text .elementor-divider-separator:after,.elementor-widget-divider--view-line_text .elementor-divider-separator:before{display:block;content:\"\";border-block-end:0;flex-grow:1;border-block-start:var(--divider-border-width) var(--divider-border-style) var(--divider-color)}.elementor-widget-divider--element-align-left .elementor-divider .elementor-divider-separator>.elementor-divider__svg:first-of-type{flex-grow:0;flex-shrink:100}.elementor-widget-divider--element-align-left .elementor-divider-separator:before{content:none}.elementor-widget-divider--element-align-left .elementor-divider__element{margin-left:0}.elementor-widget-divider--element-align-right .elementor-divider .elementor-divider-separator>.elementor-divider__svg:last-of-type{flex-grow:0;flex-shrink:100}.elementor-widget-divider--element-align-right .elementor-divider-separator:after{content:none}.elementor-widget-divider--element-align-right .elementor-divider__element{margin-right:0}.elementor-widget-divider--element-align-start .elementor-divider .elementor-divider-separator>.elementor-divider__svg:first-of-type{flex-grow:0;flex-shrink:100}.elementor-widget-divider--element-align-start .elementor-divider-separator:before{content:none}.elementor-widget-divider--element-align-start .elementor-divider__element{margin-inline-start:0}.elementor-widget-divider--element-align-end .elementor-divider .elementor-divider-separator>.elementor-divider__svg:last-of-type{flex-grow:0;flex-shrink:100}.elementor-widget-divider--element-align-end .elementor-divider-separator:after{content:none}.elementor-widget-divider--element-align-end .elementor-divider__element{margin-inline-end:0}.elementor-widget-divider:not(.elementor-widget-divider--view-line_text):not(.elementor-widget-divider--view-line_icon) .elementor-divider-separator{border-block-start:var(--divider-border-width) var(--divider-border-style) var(--divider-color)}.elementor-widget-divider--separator-type-pattern{--divider-border-style:none}.elementor-widget-divider--separator-type-pattern.elementor-widget-divider--view-line .elementor-divider-separator,.elementor-widget-divider--separator-type-pattern:not(.elementor-widget-divider--view-line) .elementor-divider-separator:after,.elementor-widget-divider--separator-type-pattern:not(.elementor-widget-divider--view-line) .elementor-divider-separator:before,.elementor-widget-divider--separator-type-pattern:not([class*=elementor-widget-divider--view]) .elementor-divider-separator{width:100%;min-height:var(--divider-pattern-height);-webkit-mask-size:var(--divider-pattern-size) 100%;mask-size:var(--divider-pattern-size) 100%;-webkit-mask-repeat:var(--divider-pattern-repeat);mask-repeat:var(--divider-pattern-repeat);background-color:var(--divider-color);-webkit-mask-image:var(--divider-pattern-url);mask-image:var(--divider-pattern-url)}.elementor-widget-divider--no-spacing{--divider-pattern-size:auto}.elementor-widget-divider--bg-round{--divider-pattern-repeat:round}.rtl .elementor-widget-divider .elementor-divider__text{direction:rtl}.e-con-inner>.elementor-widget-divider,.e-con>.elementor-widget-divider{width:var(--container-widget-width,100%);--flex-grow:var(--container-widget-flex-grow)}<\/style>\t\t<div class=\"elementor-divider\">\n\t\t\t<span class=\"elementor-divider-separator\">\n\t\t\t\t\t\t<\/span>\n\t\t<\/div>\n\t\t\t\t<\/div>\n\t\t\t\t<\/div>\n\t\t\t\t<div class=\"elementor-element elementor-element-081c4d4 elementor-widget elementor-widget-portfolio\" data-id=\"081c4d4\" data-element_type=\"widget\" data-settings=\"{&quot;navigation&quot;:&quot;both&quot;}\" data-widget_type=\"portfolio.default\">\n\t\t\t\t<div class=\"elementor-widget-container\">\n\t\t\t        <div class=\"our_portfolio_section position-relative\">\t\t\t<div class=\"row\">\t\t\t\t<div class=\"col-lg-4 col-md-4 col-sm-6 col-12\">\r\n                    <div class=\"portfolio_box position-relative \">\r\n                        <div class=\"portfolio_image_wrapper\">\r\n                            <figure class=\"mb-0\">\r\n                                <img decoding=\"async\" src=\"https:\/\/bzcallcenter.com\/wp-content\/uploads\/2023\/05\/portfolio-4-scaled-1.jpg\" alt=\"\" class=\"img-fluid\">\r\n                            <\/figure>\r\n                            <div class=\"overlay bottom-overlay\">\r\n                                <div class=\"box_hover_effect\">\r\n                                    <a href=\"https:\/\/bzcallcenter.com\/index.php\/portfolio\/yuksek-maas\/\" target=\"_blank\">\r\n                                        <figure class=\"mb-0\">\r\n                                            <img decoding=\"async\" src=\"https:\/\/bzcallcenter.com\/wp-content\/plugins\/blazin-toolkit\/assets\/images\/portfolio_box_hover.png\" alt=\"\" class=\"img-fluid\">\r\n                                        <\/figure>\r\n                                    <\/a>\r\n                                <\/div>\r\n                            <\/div>\r\n                        <\/div>\r\n                        <div class=\"portfolio_box_content\">\r\n                            <span class=\"portfolio_title\">Y\u00fcksek Maa\u015f<\/span>\r\n                            <p class=\"mb-0\">B&amp;Z Call Center olarak, \u00e7al\u0131\u015fanlar\u0131m\u0131za&hellip;<\/p>\r\n                        <\/div>\r\n                    <\/div>\r\n\t\t\t\t<\/div>\r\n\t\t\t\t\t\t\t\t<div class=\"col-lg-4 col-md-4 col-sm-6 col-12\">\r\n                    <div class=\"portfolio_box position-relative \">\r\n                        <div class=\"portfolio_image_wrapper\">\r\n                            <figure class=\"mb-0\">\r\n                                <img decoding=\"async\" src=\"https:\/\/designingmedia.com\/blazin\/wp-content\/uploads\/2023\/02\/Tech-solutions-projects.jpg\" alt=\"\" class=\"img-fluid\">\r\n                            <\/figure>\r\n                            <div class=\"overlay bottom-overlay\">\r\n                                <div class=\"box_hover_effect\">\r\n                                    <a href=\"https:\/\/bzcallcenter.com\/index.php\/portfolio\/egitim\/\" target=\"_blank\">\r\n                                        <figure class=\"mb-0\">\r\n                                            <img decoding=\"async\" src=\"https:\/\/bzcallcenter.com\/wp-content\/plugins\/blazin-toolkit\/assets\/images\/portfolio_box_hover.png\" alt=\"\" class=\"img-fluid\">\r\n                                        <\/figure>\r\n                                    <\/a>\r\n                                <\/div>\r\n                            <\/div>\r\n                        <\/div>\r\n                        <div class=\"portfolio_box_content\">\r\n                            <span class=\"portfolio_title\">E\u011fitim<\/span>\r\n                            <p class=\"mb-0\">B&amp;Z Call Center: Yeni \u00c7al\u0131\u015fma&hellip;<\/p>\r\n                        <\/div>\r\n                    <\/div>\r\n\t\t\t\t<\/div>\r\n\t\t\t\t\t\t\t\t<div class=\"col-lg-4 col-md-4 col-sm-6 col-12\">\r\n                    <div class=\"portfolio_box position-relative \">\r\n                        <div class=\"portfolio_image_wrapper\">\r\n                            <figure class=\"mb-0\">\r\n                                <img decoding=\"async\" src=\"https:\/\/bzcallcenter.com\/wp-content\/uploads\/2023\/05\/istockphoto-505766677-612x612-1.jpg\" alt=\"\" class=\"img-fluid\">\r\n                            <\/figure>\r\n                            <div class=\"overlay bottom-overlay\">\r\n                                <div class=\"box_hover_effect\">\r\n                                    <a href=\"https:\/\/bzcallcenter.com\/index.php\/portfolio\/guvenilir\/\" target=\"_blank\">\r\n                                        <figure class=\"mb-0\">\r\n                                            <img decoding=\"async\" src=\"https:\/\/bzcallcenter.com\/wp-content\/plugins\/blazin-toolkit\/assets\/images\/portfolio_box_hover.png\" alt=\"\" class=\"img-fluid\">\r\n                                        <\/figure>\r\n                                    <\/a>\r\n                                <\/div>\r\n                            <\/div>\r\n                        <\/div>\r\n                        <div class=\"portfolio_box_content\">\r\n                            <span class=\"portfolio_title\">G\u00fcvenilir<\/span>\r\n                            <p class=\"mb-0\">B&amp;Z Call Center, g\u00fcvenilirlik ve&hellip;<\/p>\r\n                        <\/div>\r\n                    <\/div>\r\n\t\t\t\t<\/div>\r\n\t\t\t\t<\/div><div class=\"row\"><\/div><\/div>        \t\t<\/div>\n\t\t\t\t<\/div>\n\t\t\t\t\t<\/div>\n\t\t<\/div>\n\t\t\t\t\t<\/div>\n\t\t<\/section>\n\t\t\t\t<\/div>\n\t\t","protected":false},"excerpt":{"rendered":"<p>B&#038;Z Call Center Fark\u0131m\u0131z\u0131 Size G\u00f6stermek \u0130stedik ! Y\u00fcksek Maa\u015f Bz Call Center olarak, \u00e7al\u0131\u015fanlar\u0131m\u0131za&hellip; E\u011fitim Bz Call Center: Yeni \u00c7al\u0131\u015fma&hellip; G\u00fcvenilir Bz Call Center olarak, g\u00fcvenilirlik&hellip;<\/p>\n","protected":false},"author":1,"featured_media":8902,"parent":0,"menu_order":0,"comment_status":"closed","ping_status":"closed","template":"elementor_header_footer","meta":{"inline_featured_image":false,"_monsterinsights_skip_tracking":false,"_monsterinsights_sitenote_active":false,"_monsterinsights_sitenote_note":"","_monsterinsights_sitenote_category":0,"footnotes":""},"yoast_head":"<!-- This site is optimized with the Yoast SEO plugin v22.3 - https:\/\/yoast.com\/wordpress\/plugins\/seo\/ -->\n<title>Fark\u0131m\u0131z - B&amp;Z Call Center<\/title>\n<meta name=\"robots\" content=\"index, follow, max-snippet:-1, max-image-preview:large, max-video-preview:-1\" \/>\n<link rel=\"canonical\" href=\"https:\/\/bzcallcenter.com\/index.php\/farkimiz\/\" \/>\n<meta property=\"og:locale\" content=\"tr_TR\" \/>\n<meta property=\"og:type\" content=\"article\" \/>\n<meta property=\"og:title\" content=\"Fark\u0131m\u0131z - B&amp;Z Call Center\" \/>\n<meta property=\"og:description\" content=\"B&#038;Z Call Center Fark\u0131m\u0131z\u0131 Size G\u00f6stermek \u0130stedik ! Y\u00fcksek Maa\u015f Bz Call Center olarak, \u00e7al\u0131\u015fanlar\u0131m\u0131za&hellip; E\u011fitim Bz Call Center: Yeni \u00c7al\u0131\u015fma&hellip; G\u00fcvenilir Bz Call Center olarak, g\u00fcvenilirlik&hellip;\" \/>\n<meta property=\"og:url\" content=\"https:\/\/bzcallcenter.com\/index.php\/farkimiz\/\" \/>\n<meta property=\"og:site_name\" content=\"B&amp;Z Call Center\" \/>\n<meta property=\"article:modified_time\" content=\"2024-03-26T13:01:35+00:00\" \/>\n<meta property=\"og:image\" content=\"https:\/\/bzcallcenter.com\/wp-content\/uploads\/2024\/03\/bzcallcenter-antalya.jpg\" \/>\n\t<meta property=\"og:image:width\" content=\"1920\" \/>\n\t<meta property=\"og:image:height\" content=\"540\" \/>\n\t<meta property=\"og:image:type\" content=\"image\/jpeg\" \/>\n<meta name=\"twitter:card\" content=\"summary_large_image\" \/>\n<script type=\"application\/ld+json\" class=\"yoast-schema-graph\">{\"@context\":\"https:\/\/schema.org\",\"@graph\":[{\"@type\":\"WebPage\",\"@id\":\"https:\/\/bzcallcenter.com\/index.php\/farkimiz\/\",\"url\":\"https:\/\/bzcallcenter.com\/index.php\/farkimiz\/\",\"name\":\"Fark\u0131m\u0131z - B&amp;Z Call Center\",\"isPartOf\":{\"@id\":\"https:\/\/bzcallcenter.com\/#website\"},\"primaryImageOfPage\":{\"@id\":\"https:\/\/bzcallcenter.com\/index.php\/farkimiz\/#primaryimage\"},\"image\":{\"@id\":\"https:\/\/bzcallcenter.com\/index.php\/farkimiz\/#primaryimage\"},\"thumbnailUrl\":\"https:\/\/bzcallcenter.com\/wp-content\/uploads\/2024\/03\/bzcallcenter-antalya.jpg\",\"datePublished\":\"2023-02-09T13:46:54+00:00\",\"dateModified\":\"2024-03-26T13:01:35+00:00\",\"breadcrumb\":{\"@id\":\"https:\/\/bzcallcenter.com\/index.php\/farkimiz\/#breadcrumb\"},\"inLanguage\":\"tr\",\"potentialAction\":[{\"@type\":\"ReadAction\",\"target\":[\"https:\/\/bzcallcenter.com\/index.php\/farkimiz\/\"]}]},{\"@type\":\"ImageObject\",\"inLanguage\":\"tr\",\"@id\":\"https:\/\/bzcallcenter.com\/index.php\/farkimiz\/#primaryimage\",\"url\":\"https:\/\/bzcallcenter.com\/wp-content\/uploads\/2024\/03\/bzcallcenter-antalya.jpg\",\"contentUrl\":\"https:\/\/bzcallcenter.com\/wp-content\/uploads\/2024\/03\/bzcallcenter-antalya.jpg\",\"width\":1920,\"height\":540},{\"@type\":\"BreadcrumbList\",\"@id\":\"https:\/\/bzcallcenter.com\/index.php\/farkimiz\/#breadcrumb\",\"itemListElement\":[{\"@type\":\"ListItem\",\"position\":1,\"name\":\"Anasayfa\",\"item\":\"https:\/\/bzcallcenter.com\/\"},{\"@type\":\"ListItem\",\"position\":2,\"name\":\"Fark\u0131m\u0131z\"}]},{\"@type\":\"WebSite\",\"@id\":\"https:\/\/bzcallcenter.com\/#website\",\"url\":\"https:\/\/bzcallcenter.com\/\",\"name\":\"B&Z Call Center\",\"description\":\"Almanca Call Center \u00c7a\u011fr\u0131 Merkezi\",\"publisher\":{\"@id\":\"https:\/\/bzcallcenter.com\/#organization\"},\"potentialAction\":[{\"@type\":\"SearchAction\",\"target\":{\"@type\":\"EntryPoint\",\"urlTemplate\":\"https:\/\/bzcallcenter.com\/?s={search_term_string}\"},\"query-input\":\"required name=search_term_string\"}],\"inLanguage\":\"tr\"},{\"@type\":\"Organization\",\"@id\":\"https:\/\/bzcallcenter.com\/#organization\",\"name\":\"Bz Call Center\",\"url\":\"https:\/\/bzcallcenter.com\/\",\"logo\":{\"@type\":\"ImageObject\",\"inLanguage\":\"tr\",\"@id\":\"https:\/\/bzcallcenter.com\/#\/schema\/logo\/image\/\",\"url\":\"https:\/\/bzcallcenter.com\/wp-content\/uploads\/2024\/03\/cropped-bz-call-center-antalya.png\",\"contentUrl\":\"https:\/\/bzcallcenter.com\/wp-content\/uploads\/2024\/03\/cropped-bz-call-center-antalya.png\",\"width\":85,\"height\":85,\"caption\":\"Bz Call Center\"},\"image\":{\"@id\":\"https:\/\/bzcallcenter.com\/#\/schema\/logo\/image\/\"}}]}<\/script>\n<!-- \/ Yoast SEO plugin. -->","yoast_head_json":{"title":"Fark\u0131m\u0131z - B&amp;Z Call Center","robots":{"index":"index","follow":"follow","max-snippet":"max-snippet:-1","max-image-preview":"max-image-preview:large","max-video-preview":"max-video-preview:-1"},"canonical":"https:\/\/bzcallcenter.com\/index.php\/farkimiz\/","og_locale":"tr_TR","og_type":"article","og_title":"Fark\u0131m\u0131z - B&amp;Z Call Center","og_description":"B&#038;Z Call Center Fark\u0131m\u0131z\u0131 Size G\u00f6stermek \u0130stedik ! Y\u00fcksek Maa\u015f Bz Call Center olarak, \u00e7al\u0131\u015fanlar\u0131m\u0131za&hellip; E\u011fitim Bz Call Center: Yeni \u00c7al\u0131\u015fma&hellip; G\u00fcvenilir Bz Call Center olarak, g\u00fcvenilirlik&hellip;","og_url":"https:\/\/bzcallcenter.com\/index.php\/farkimiz\/","og_site_name":"B&amp;Z Call Center","article_modified_time":"2024-03-26T13:01:35+00:00","og_image":[{"width":1920,"height":540,"url":"https:\/\/bzcallcenter.com\/wp-content\/uploads\/2024\/03\/bzcallcenter-antalya.jpg","type":"image\/jpeg"}],"twitter_card":"summary_large_image","schema":{"@context":"https:\/\/schema.org","@graph":[{"@type":"WebPage","@id":"https:\/\/bzcallcenter.com\/index.php\/farkimiz\/","url":"https:\/\/bzcallcenter.com\/index.php\/farkimiz\/","name":"Fark\u0131m\u0131z - B&amp;Z Call Center","isPartOf":{"@id":"https:\/\/bzcallcenter.com\/#website"},"primaryImageOfPage":{"@id":"https:\/\/bzcallcenter.com\/index.php\/farkimiz\/#primaryimage"},"image":{"@id":"https:\/\/bzcallcenter.com\/index.php\/farkimiz\/#primaryimage"},"thumbnailUrl":"https:\/\/bzcallcenter.com\/wp-content\/uploads\/2024\/03\/bzcallcenter-antalya.jpg","datePublished":"2023-02-09T13:46:54+00:00","dateModified":"2024-03-26T13:01:35+00:00","breadcrumb":{"@id":"https:\/\/bzcallcenter.com\/index.php\/farkimiz\/#breadcrumb"},"inLanguage":"tr","potentialAction":[{"@type":"ReadAction","target":["https:\/\/bzcallcenter.com\/index.php\/farkimiz\/"]}]},{"@type":"ImageObject","inLanguage":"tr","@id":"https:\/\/bzcallcenter.com\/index.php\/farkimiz\/#primaryimage","url":"https:\/\/bzcallcenter.com\/wp-content\/uploads\/2024\/03\/bzcallcenter-antalya.jpg","contentUrl":"https:\/\/bzcallcenter.com\/wp-content\/uploads\/2024\/03\/bzcallcenter-antalya.jpg","width":1920,"height":540},{"@type":"BreadcrumbList","@id":"https:\/\/bzcallcenter.com\/index.php\/farkimiz\/#breadcrumb","itemListElement":[{"@type":"ListItem","position":1,"name":"Anasayfa","item":"https:\/\/bzcallcenter.com\/"},{"@type":"ListItem","position":2,"name":"Fark\u0131m\u0131z"}]},{"@type":"WebSite","@id":"https:\/\/bzcallcenter.com\/#website","url":"https:\/\/bzcallcenter.com\/","name":"B&Z Call Center","description":"Almanca Call Center \u00c7a\u011fr\u0131 Merkezi","publisher":{"@id":"https:\/\/bzcallcenter.com\/#organization"},"potentialAction":[{"@type":"SearchAction","target":{"@type":"EntryPoint","urlTemplate":"https:\/\/bzcallcenter.com\/?s={search_term_string}"},"query-input":"required name=search_term_string"}],"inLanguage":"tr"},{"@type":"Organization","@id":"https:\/\/bzcallcenter.com\/#organization","name":"Bz Call Center","url":"https:\/\/bzcallcenter.com\/","logo":{"@type":"ImageObject","inLanguage":"tr","@id":"https:\/\/bzcallcenter.com\/#\/schema\/logo\/image\/","url":"https:\/\/bzcallcenter.com\/wp-content\/uploads\/2024\/03\/cropped-bz-call-center-antalya.png","contentUrl":"https:\/\/bzcallcenter.com\/wp-content\/uploads\/2024\/03\/cropped-bz-call-center-antalya.png","width":85,"height":85,"caption":"Bz Call Center"},"image":{"@id":"https:\/\/bzcallcenter.com\/#\/schema\/logo\/image\/"}}]}},"_links":{"self":[{"href":"https:\/\/bzcallcenter.com\/index.php\/wp-json\/wp\/v2\/pages\/3390"}],"collection":[{"href":"https:\/\/bzcallcenter.com\/index.php\/wp-json\/wp\/v2\/pages"}],"about":[{"href":"https:\/\/bzcallcenter.com\/index.php\/wp-json\/wp\/v2\/types\/page"}],"author":[{"embeddable":true,"href":"https:\/\/bzcallcenter.com\/index.php\/wp-json\/wp\/v2\/users\/1"}],"replies":[{"embeddable":true,"href":"https:\/\/bzcallcenter.com\/index.php\/wp-json\/wp\/v2\/comments?post=3390"}],"version-history":[{"count":12,"href":"https:\/\/bzcallcenter.com\/index.php\/wp-json\/wp\/v2\/pages\/3390\/revisions"}],"predecessor-version":[{"id":8950,"href":"https:\/\/bzcallcenter.com\/index.php\/wp-json\/wp\/v2\/pages\/3390\/revisions\/8950"}],"wp:featuredmedia":[{"embeddable":true,"href":"https:\/\/bzcallcenter.com\/index.php\/wp-json\/wp\/v2\/media\/8902"}],"wp:attachment":[{"href":"https:\/\/bzcallcenter.com\/index.php\/wp-json\/wp\/v2\/media?parent=3390"}],"curies":[{"name":"wp","href":"https:\/\/api.w.org\/{rel}","templated":true}]}}